{"id":16,"date":"2017-03-21T21:58:25","date_gmt":"2017-03-21T20:58:25","guid":{"rendered":"https:\/\/monia-grabow.de\/?page_id=16"},"modified":"2022-05-13T14:16:44","modified_gmt":"2022-05-13T12:16:44","slug":"lebenslauf","status":"publish","type":"page","link":"https:\/\/www.monia-grabow.de\/index.php\/lebenslauf\/","title":{"rendered":"Lebenslauf"},"content":{"rendered":"<h6>Berufserfahrung<\/h6>\n<p><strong>03\/2022\u00a0 \u00a0 \u00a0 \u00a0 \u00a0 \u00a0 \u00a0 \u00a0 \u00a0 \u00a0 \u00a0 Hospitation im Europ\u00e4ischen Parlament, Br\u00fcssel, Belgien <\/strong><\/p>\n<p>Teilnahme an Plenar- und Fraktionssitzungen und Treffen mit Interessenvertretern, Gespr\u00e4che mit Mitarbeitern des wissenschaftlichen Dienstes, administrative Arbeiten f\u00fcr das Abgeordnetenb\u00fcro.<\/p>\n<p><strong>10\/2017 \u2013 09\/2021\u00a0 \u00a0 Promotion an der Universit\u00e9 Bretagne Sud, Lorient, Frankreich <\/strong><\/p>\n<p>Promotionsthema: Contribution to the investigation of the compressive strength and delamination of continuous fibre laminated composites in the context of competitive sailing<\/p>\n<p><strong>2019\u00a0 \u00a0 \u00a0 \u00a0 \u00a0 \u00a0 \u00a0 \u00a0 \u00a0 \u00a0 \u00a0 \u00a0 \u00a0 \u00a0Gr\u00fcndung einer deutsch-franz\u00f6sischen Forschungskooperation, TU Kaiserslautern, UBS Lorient<\/strong><\/p>\n<p>Organisation von Treffen zwischen Professoren der Universit\u00e9 Bretagne Sud (UBS) und der Technischen Universit\u00e4t Kaiserslautern (TUK) an beiden Universit\u00e4tsstandorten.<br \/>\nErgebnis: Internationales Forschungsprojekt zu metallischen Gl\u00e4sern, sowie Gr\u00fcndung einer Ersamus+ Partnerschaft beider Universit\u00e4ten.<\/p>\n<p><strong>10\/2016 \u2013 01\/2017\u00a0 \u00a0 Ingenieurpraktikum am Institut de Recherche Dupuy de L\u00f4me, Lorient, Frankreich<\/strong><\/p>\n<p>Numerische Modellierung der Torsion eines Verbundlaminats.<\/p>\n<p><strong>09\/2016 \u2013 08\/2020\u00a0 \u00a0 Deutschdozentin an der Universit\u00e9 Bretagne Sud, Lorient, Frankreich<\/strong><\/p>\n<p>Unterrichtsplanung, -durchf\u00fchrung und -evaluation f\u00fcr Deutschseminare als Fremdsprache.<\/p>\n<p><strong>10\/2015 \u2013 03\/2016\u00a0 \u00a0 Diplomandin an der Universidade Federal do Rio Grande do Norte, Natal, Brasilien<\/strong><\/p>\n<p>Thema: Investigation of the wettability of a Nitinol shape memory alloy by eutectic aluminium based alloys for developing selfrepairing metal-matrix-composites (MMC) for aeronautical purposes<\/p>\n<p><strong>09\/2013 \u2013 01\/2014\u00a0 \u00a0 Ingenieurpraktikum bei Safran Aircelle (heute Safran Nacelles), Le Havre, Frankreich<\/strong><\/p>\n<p>Reorganisation des Montageprozesses der Schubumkehrer des A320 (Projektmanagement, Lean Manufacturing, statistische Prozesslenkung SPC)<br \/>\nErgebnis: Erzielung einer Einsparung von einer sechsstelligen Summe pro Jahr und pro halbem Schubumkehrer<\/p>\n<p><strong>02\/2011 \u2013 06\/2012\u00a0\u00a0\u00a0 Wissenschaftliche Hilfskraft am Lehrstuhl f\u00fcr Thermodynamik, TU Kaiserslautern, Deutschland<\/strong><\/p>\n<p>Forschungs-\u00ad und Laborarbeit: Aufarbeitung und Visualisierung experimenteller Daten, Recherche auf den Gebieten der Stoffdatenthermodynamik und Reaktionstechnik.<\/p>\n<p><strong>08\/2009 \u2013 09\/2009\u00a0 \u00a0 \u00a0Praktikantin bei Auto Hofmann Walldorf GmbH, Deutschland<\/strong><\/p>\n<h6><span style=\"line-height: 1.5;\">Ausbildung<\/span><\/h6>\n<p><strong>10\/2017 \u2013 09\/2021\u00a0 \u00a0 \u00a0Promotion an der Universit\u00e9 Bretagne Sud, Lorient, Frankreich, Dr.-Ing. <\/strong><\/p>\n<p><strong>09\/2016 \u2013 08\/2017\u00a0 \u00a0 \u00a0Masterabsolventin der Mechanik und des Bauingenieurwesens an der Universit\u00e9 Bretagne Sud, Lorient, Frankreich, Master<\/strong><\/p>\n<p>Thema: Machbarkeitsstudie zur Bestimmung der Elastizit\u00e4tseigenschaften von Kohlenstofffasern durch instrumentierte Indentation<br \/>\n(Originaltitel: \u00c9tude de faisabilit\u00e9 de la d\u00e9termination des propri\u00e9t\u00e9s d\u2019\u00e9lasticit\u00e9 de fibres de carbone par indentation instrument\u00e9e)<\/p>\n<p><strong>09\/2012 \u2013 08\/2016\u00a0 \u00a0 \u00a0Maschinenbaustudium an der \u00c9cole Nationale d&#8217;Ing\u00e9nieurs de Metz, Metz, Frankreich, Dipl. Ing.<\/strong><\/p>\n<p>Deutsch-franz\u00f6sischer Doppeldiplomstudiengang<\/p>\n<p><strong>10\/2009 \u2013 03\/2016\u00a0 \u00a0 \u00a0Maschinenbau- und Verfahrenstechnikstudium an der Technischen Universit\u00e4t Kaiserslautern, Kaiserslautern, Deutschland, Dipl.-Ing.<\/strong><\/p>\n<p>Deutsch-franz\u00f6sischer Doppeldiplomstudiengang<\/p>\n<p><strong>09\/2000 \u2013 06\/2009\u00a0 \u00a0 \u00a0Abitur<\/strong><br \/>\nOttheinrich-Gymnasium Wiesloch, Deutschland<\/p>\n<h6>F\u00e4higkeiten &amp; Kenntnisse<\/h6>\n<p><strong>Sprachen<\/strong>: Deutsch (Muttersprache); Franz\u00f6sisch (Verhandlungssicher); Englisch (Flie\u00dfend); Russisch (Grundkenntnisse); Geb\u00e4rdensprache (Grundkenntnisse)<\/p>\n<p><strong>Informatik<\/strong>: Abaqus, Microsoft Office, Open Office, LaTeX, GanttProject, Linux, Python, Solidworks<\/p>\n<h6>Pers\u00f6nliche Interessen &amp; soziales Engagement<\/h6>\n<p><strong>Schwimmen, Handball, Halbmarathon, Imkerei, Lesen und Wandern<\/strong><\/p>\n<p><strong>2020 &#8211; 2021\u00a0 \u00a0 Vereinssport <\/strong>beim Handball Club Bannalec<\/p>\n<p><strong>2000 \u2013 2009\u00a0 \u00a0 Vereinssport<\/strong> in der TSG Wiesloch Handballabteilung<\/p>\n<p><strong>1996 \u2013 2009\u00a0\u00a0\u00a0 Vereinssport<\/strong> und anschlie\u00dfende Trainerfunktion und -fortbildungen in der TSG Wiesloch Schwimmabteilung<\/p>\n","protected":false},"excerpt":{"rendered":"<p>Berufserfahrung 03\/2022\u00a0 \u00a0 \u00a0 \u00a0 \u00a0 \u00a0 \u00a0 \u00a0 \u00a0 \u00a0 \u00a0 Hospitation im Europ\u00e4ischen Parlament, Br\u00fcssel, Belgien Teilnahme an Plenar- und Fraktionssitzungen und Treffen mit Interessenvertretern, Gespr\u00e4che mit Mitarbeitern des wissenschaftlichen Dienstes, administrative Arbeiten f\u00fcr das Abgeordnetenb\u00fcro. 10\/2017 \u2013 09\/2021\u00a0 \u00a0 Promotion an der Universit\u00e9 Bretagne Sud, Lorient, Frankreich Promotionsthema: Contribution to the investigation..<\/p>\n<p><a class=\"btn btn-default read-more\" href=\"https:\/\/www.monia-grabow.de\/index.php\/lebenslauf\/\">Read more <span class=\"fa fa-angle-right\"><\/span><\/a><\/p>\n","protected":false},"author":2,"featured_media":0,"parent":0,"menu_order":2,"comment_status":"closed","ping_status":"closed","template":"","meta":{"footnotes":""},"class_list":["post-16","page","type-page","status-publish","hentry"],"_links":{"self":[{"href":"https:\/\/www.monia-grabow.de\/index.php\/wp-json\/wp\/v2\/pages\/16","targetHints":{"allow":["GET"]}}],"collection":[{"href":"https:\/\/www.monia-grabow.de\/index.php\/wp-json\/wp\/v2\/pages"}],"about":[{"href":"https:\/\/www.monia-grabow.de\/index.php\/wp-json\/wp\/v2\/types\/page"}],"author":[{"embeddable":true,"href":"https:\/\/www.monia-grabow.de\/index.php\/wp-json\/wp\/v2\/users\/2"}],"replies":[{"embeddable":true,"href":"https:\/\/www.monia-grabow.de\/index.php\/wp-json\/wp\/v2\/comments?post=16"}],"version-history":[{"count":55,"href":"https:\/\/www.monia-grabow.de\/index.php\/wp-json\/wp\/v2\/pages\/16\/revisions"}],"predecessor-version":[{"id":108,"href":"https:\/\/www.monia-grabow.de\/index.php\/wp-json\/wp\/v2\/pages\/16\/revisions\/108"}],"wp:attachment":[{"href":"https:\/\/www.monia-grabow.de\/index.php\/wp-json\/wp\/v2\/media?parent=16"}],"curies":[{"name":"wp","href":"https:\/\/api.w.org\/{rel}","templated":true}]}}